{"id":5317,"date":"2019-02-10T18:59:05","date_gmt":"2019-02-10T18:59:05","guid":{"rendered":"http:\/\/kompetenzexpert.de\/?page_id=5317"},"modified":"2021-05-11T16:12:50","modified_gmt":"2021-05-11T14:12:50","slug":"beable","status":"publish","type":"page","link":"https:\/\/kompetenzexpert.de\/?page_id=5317","title":{"rendered":"be:able &#8211; Die KompetenzApp"},"content":{"rendered":"\n<figure class=\"wp-block-image size-large\"><img loading=\"lazy\" decoding=\"async\" width=\"1024\" height=\"341\" src=\"https:\/\/kompetenzexpert.de\/wp-content\/uploads\/2021\/05\/Logo-beable-t-1024x341.jpg\" alt=\"\" class=\"wp-image-9306\" srcset=\"https:\/\/kompetenzexpert.de\/wp-content\/uploads\/2021\/05\/Logo-beable-t-1024x341.jpg 1024w, https:\/\/kompetenzexpert.de\/wp-content\/uploads\/2021\/05\/Logo-beable-t-1536x511.jpg 1536w, https:\/\/kompetenzexpert.de\/wp-content\/uploads\/2021\/05\/Logo-beable-t-300x100.jpg 300w, https:\/\/kompetenzexpert.de\/wp-content\/uploads\/2021\/05\/Logo-beable-t-768x256.jpg 768w, https:\/\/kompetenzexpert.de\/wp-content\/uploads\/2021\/05\/Logo-beable-t.jpg 1664w\" sizes=\"auto, (max-width: 1024px) 100vw, 1024px\" \/><\/figure>\n\n\n\n<p class=\"has-medium-font-size\">70 bis 90 Prozent unserer beruflichen Qualifikationen erlernen wir weder in der Schule, an der Uni oder in Weiterbildungen. Der effektivste Lernort ist der Lebensalltag. Das sogenannte informelle Lernen steht in seiner Effektivit\u00e4t weit \u00fcber dem formellen Lernen. Und genau hierf\u00fcr ist be:able entwickelt.<\/p>\n\n\n\n<p class=\"has-medium-font-size\">Name und train your skills &#8211; bringt es gut mit vier Worten auf den Punkt. Skills \/ Kompetenzen, die eher nebenbei und nicht immer bewusst im Lebensalltag gelernt werden, k\u00f6nnen mit be:able spielend leicht erkannt werden. Denn es ist lediglich ein sich Bewusstsmachen dessen, was einem bereits gelingt. Mit be:able bekommt es einen Namen.<\/p>\n\n\n\n<p class=\"has-medium-font-size\">Nicht ganz so einfach ist dann das Trainieren von Skills. Hierzu braucht es Lernbereitschaft und etwas Disziplin. Und genau hierin unterst\u00fctz be:able mit motivierenden Feedbacks. <\/p>\n\n\n\n<figure class=\"wp-block-embed aligncenter is-type-video is-provider-youtube wp-block-embed-youtube\"><div class=\"wp-block-embed__wrapper\">\n<p class=\"responsive-video-wrap clr\"><iframe loading=\"lazy\" title=\"be:able Eintr\u00e4ge - Homeoffice\" width=\"1200\" height=\"675\" src=\"https:\/\/www.youtube.com\/embed\/DC-IO4KgM54?feature=oembed\" frameborder=\"0\" allow=\"accelerometer; autoplay; clipboard-write; encrypted-media; gyroscope; picture-in-picture\" allowfullscreen><\/iframe><\/p>\n<\/div><\/figure>\n\n\n\n<figure class=\"wp-block-embed is-type-video is-provider-youtube wp-block-embed-youtube wp-embed-aspect-16-9 wp-has-aspect-ratio\"><div class=\"wp-block-embed__wrapper\">\n<p class=\"responsive-video-wrap clr\"><iframe loading=\"lazy\" title=\"Fuehrungskompetenz mit be able\" width=\"1200\" height=\"675\" src=\"https:\/\/www.youtube.com\/embed\/m9zqd4sa2vU?feature=oembed\" frameborder=\"0\" allow=\"accelerometer; autoplay; clipboard-write; encrypted-media; gyroscope; picture-in-picture\" allowfullscreen><\/iframe><\/p>\n<\/div><\/figure>\n\n\n\n<figure class=\"wp-block-embed is-type-video is-provider-youtube wp-block-embed-youtube wp-embed-aspect-16-9 wp-has-aspect-ratio\"><div class=\"wp-block-embed__wrapper\">\n<p class=\"responsive-video-wrap clr\"><iframe loading=\"lazy\" title=\"Erkl\u00e4rvideo: be:able - Die KompetenzApp  am Beispiel &quot;Anleiten&quot;\" width=\"1200\" height=\"675\" src=\"https:\/\/www.youtube.com\/embed\/vIF16oK_BQg?feature=oembed\" frameborder=\"0\" allow=\"accelerometer; autoplay; clipboard-write; encrypted-media; gyroscope; picture-in-picture\" allowfullscreen><\/iframe><\/p>\n<\/div><\/figure>\n\n\n\n<p class=\"has-medium-font-size\">Mehr Informationen \u00fcber be:able findest Du auf <a href=\"https:\/\/be-able.app\" target=\"_blank\" rel=\"noreferrer noopener\">https:\/\/be-able.app<\/a> <\/p>\n","protected":false},"excerpt":{"rendered":"<p>70 bis 90 Prozent unserer beruflichen Qualifikationen erlernen wir weder in der Schule, an der Uni oder in Weiterbildungen. Der effektivste Lernort ist der Lebensalltag. Das sogenannte informelle Lernen steht in seiner Effektivit\u00e4t weit \u00fcber dem formellen Lernen. Und genau hierf\u00fcr ist be:able entwickelt. Name und train your skills &#8211; bringt es gut mit vier [&hellip;]<\/p>\n","protected":false},"author":1,"featured_media":0,"parent":0,"menu_order":0,"comment_status":"closed","ping_status":"closed","template":"","meta":{"footnotes":""},"class_list":["post-5317","page","type-page","status-publish","hentry","entry"],"_links":{"self":[{"href":"https:\/\/kompetenzexpert.de\/index.php?rest_route=\/wp\/v2\/pages\/5317","targetHints":{"allow":["GET"]}}],"collection":[{"href":"https:\/\/kompetenzexpert.de\/index.php?rest_route=\/wp\/v2\/pages"}],"about":[{"href":"https:\/\/kompetenzexpert.de\/index.php?rest_route=\/wp\/v2\/types\/page"}],"author":[{"embeddable":true,"href":"https:\/\/kompetenzexpert.de\/index.php?rest_route=\/wp\/v2\/users\/1"}],"replies":[{"embeddable":true,"href":"https:\/\/kompetenzexpert.de\/index.php?rest_route=%2Fwp%2Fv2%2Fcomments&post=5317"}],"version-history":[{"count":43,"href":"https:\/\/kompetenzexpert.de\/index.php?rest_route=\/wp\/v2\/pages\/5317\/revisions"}],"predecessor-version":[{"id":9307,"href":"https:\/\/kompetenzexpert.de\/index.php?rest_route=\/wp\/v2\/pages\/5317\/revisions\/9307"}],"wp:attachment":[{"href":"https:\/\/kompetenzexpert.de\/index.php?rest_route=%2Fwp%2Fv2%2Fmedia&parent=5317"}],"curies":[{"name":"wp","href":"https:\/\/api.w.org\/{rel}","templated":true}]}}