{"id":2096,"date":"2018-01-27T17:34:26","date_gmt":"2018-01-27T17:34:26","guid":{"rendered":"http:\/\/kompetenzexpert.de\/?page_id=2096"},"modified":"2019-02-16T12:31:16","modified_gmt":"2019-02-16T12:31:16","slug":"studienteilnahme","status":"publish","type":"page","link":"https:\/\/kompetenzexpert.de\/?page_id=2096","title":{"rendered":"Studienteilnahme"},"content":{"rendered":"<div id=\"pl-2096\"  class=\"panel-layout\" ><div id=\"pg-2096-0\"  class=\"panel-grid panel-no-style\" ><div id=\"pgc-2096-0-0\"  class=\"panel-grid-cell\" ><div id=\"panel-2096-0-0-0\" class=\"so-panel widget widget_sow-image panel-first-child panel-last-child\" data-index=\"0\" ><div\n\t\t\t\n\t\t\tclass=\"so-widget-sow-image so-widget-sow-image-default-c4f6304fc136-2096 so-premium-tooltip-container\"\n\t\t\t data-tooltip-enabled=\"1\" data-tooltip-theme=\"light\"\n\t\t><h3 class=\"widget-title\">Studienteilnahme<\/h3>\n<div class=\"sow-image-container\">\n\t\t<img \n\tsrc=\"https:\/\/kompetenzexpert.de\/wp-content\/uploads\/2019\/02\/AdobeStock_118732785-e1550319932965.jpeg\" width=\"5616\" height=\"2793\" srcset=\"https:\/\/kompetenzexpert.de\/wp-content\/uploads\/2019\/02\/AdobeStock_118732785-e1550319932965.jpeg 5616w, https:\/\/kompetenzexpert.de\/wp-content\/uploads\/2019\/02\/AdobeStock_118732785-e1550319932965-300x149.jpeg 300w, https:\/\/kompetenzexpert.de\/wp-content\/uploads\/2019\/02\/AdobeStock_118732785-e1550319932965-768x382.jpeg 768w, https:\/\/kompetenzexpert.de\/wp-content\/uploads\/2019\/02\/AdobeStock_118732785-e1550319932965-1024x509.jpeg 1024w\" sizes=\"(max-width: 5616px) 100vw, 5616px\" title=\"Studienteilnahme\" alt=\"\" \t\tclass=\"so-widget-image\"\/>\n\t<\/div>\n\n<\/div><\/div><\/div><\/div><div id=\"pg-2096-1\"  class=\"panel-grid panel-no-style\" ><div id=\"pgc-2096-1-0\"  class=\"panel-grid-cell\" ><div id=\"panel-2096-1-0-0\" class=\"so-panel widget widget_sow-editor panel-first-child panel-last-child\" data-index=\"1\" ><div\n\t\t\t\n\t\t\tclass=\"so-widget-sow-editor so-widget-sow-editor-base\"\n\t\t\t\n\t\t>\n<div class=\"siteorigin-widget-tinymce textwidget\">\n\t<p><img loading=\"lazy\" decoding=\"async\" class=\"size-medium wp-image-842 alignright\" src=\"http:\/\/kompetenzexpert.de\/wp-content\/uploads\/2017\/05\/WFI-GUF-e1499413884964-300x89.jpg\" alt=\"\" width=\"300\" height=\"89\" srcset=\"https:\/\/kompetenzexpert.de\/wp-content\/uploads\/2017\/05\/WFI-GUF-e1499413884964-300x89.jpg 300w, https:\/\/kompetenzexpert.de\/wp-content\/uploads\/2017\/05\/WFI-GUF-e1499413884964-768x228.jpg 768w, https:\/\/kompetenzexpert.de\/wp-content\/uploads\/2017\/05\/WFI-GUF-e1499413884964-1024x303.jpg 1024w, https:\/\/kompetenzexpert.de\/wp-content\/uploads\/2017\/05\/WFI-GUF-e1499413884964.jpg 1073w\" sizes=\"auto, (max-width: 300px) 100vw, 300px\" \/><span style=\"font-size: 20px; color: #000080;\">Vielen Dank f\u00fcr Ihr Interesse an KompetenExpert. Sie k\u00f6nnen sich f\u00fcr die kostenlose Teilnahme am Webinar \"Was ist informelles Lernen\" bewerben.<\/span><\/p>\n<p><span style=\"font-size: 20px; color: #000080;\">Zusammen mit der Goethe-Universit\u00e4t Frankfurt wollen wir erforschen, wie die \u00dcbertragung etwa von Elternkompetenzen an den Arbeitsplatz bestm\u00f6glich gelingen kann.<\/span><\/p>\n<p><span style=\"font-size: 20px; color: #000080;\">Sie laden wir herzlich ein an unserer Studie \"Informelles Lernen f\u00fcr die Arbeit nutzen!\" teilzunehmen. Sie erhalten eine freie Teilnahme am Webinar \"Was ist informelles Lernen\" und sind bereit vor und nach dem Webinar uns einige Fragen zu beantworten.<\/span><\/p>\n<p><span style=\"font-size: 20px; color: #000080;\">Wenn Sie daran teilnehmen wollen,\u00a0 informieren Sie sich bitte zun\u00e4chst \u00fcber Inhalt und Dauer des Webinars: Informationen zum <a style=\"color: #000080;\" href=\"http:\/\/kompetenzexpert.de\/course\/was-ist-informelles-lernen\">Webinar<\/a>.<\/span><\/p>\n<p><span style=\"font-size: 20px; color: #000080;\">Wollen Sie verbindlich an dem Webinar teilnehmen, dann richten Sie Ihre Bewerbung formlos an <a style=\"color: #000080;\" href=\"mailto:info@kompetenzexpert.de\">info@kompetenzexpert.de<\/a>. Wir freuen uns auf Ihr Schreiben.<\/span><\/p>\n<p><span style=\"font-size: 20px; color: #000080;\">Mit freundlichen Gr\u00fc\u00dfen<\/span><br \/>\n<span style=\"font-size: 20px; color: #000080;\">Joachim E. Lask<\/span><\/p>\n<\/div>\n<\/div><\/div><\/div><\/div><div id=\"pg-2096-2\"  class=\"panel-grid panel-no-style\" ><div id=\"pgc-2096-2-0\"  class=\"panel-grid-cell\" ><div id=\"panel-2096-2-0-0\" class=\"so-panel widget widget_sow-features panel-first-child panel-last-child\" data-index=\"2\" ><div\n\t\t\t\n\t\t\tclass=\"so-widget-sow-features so-widget-sow-features-default-c8ac196933e8-2096\"\n\t\t\t\n\t\t><ul\n\tclass=\"sow-features-list\n\tsow-features-responsive\">\n\n\t\t\t<li\n\t\t\tclass=\"sow-features-feature sow-icon-container-position-top\"\n\t\t\tstyle=\"display: flex; flex-direction: column; width: calc(100% - 25px);\"\n\t\t>\n\t\t\t\n\t\t\t\t\t\t<a\t\t\t\tclass=\"sow-icon-container sow-container-none\"\n\t\t\t\tstyle=\"color: #404040; \"\n\t\t\t\t\n\t\t\t\t\t\t\t\t\thref=\"https:\/\/kompetenzexpert.de\/?page_id=2074\"\n\t\t\t\t\t\t\t\t>\n\t\t\t\t<span class=\"sow-icon-elegantline\" data-sow-icon=\"&#xe02a;\"\n\t\tstyle=\"font-size: 64px; color: #494949\" \n\t\taria-hidden=\"true\"><\/span>\t\t\t<\/a>\n\n\t\t\t<div class=\"textwidget\">\n\t\t\t\t\n\t\t\t\t\t\t\t\t\t<h5 class=\"sow-features-feature-title\">\n\t\t\t\t\t\tScreening\t\t\t\t\t<\/h5>\n\t\t\t\t\n\t\t\t\t\t\t\t<\/div>\n\t\t\t\t\t\t\t\t<\/li>\n\n\t<\/ul>\n<\/div><\/div><\/div><div id=\"pgc-2096-2-1\"  class=\"panel-grid-cell\" ><div id=\"panel-2096-2-1-0\" class=\"so-panel widget widget_sow-features panel-first-child panel-last-child\" data-index=\"3\" ><div\n\t\t\t\n\t\t\tclass=\"so-widget-sow-features so-widget-sow-features-default-c8ac196933e8-2096\"\n\t\t\t\n\t\t><ul\n\tclass=\"sow-features-list\n\tsow-features-responsive\">\n\n\t\t\t<li\n\t\t\tclass=\"sow-features-feature sow-icon-container-position-top\"\n\t\t\tstyle=\"display: flex; flex-direction: column; width: calc(100% - 25px);\"\n\t\t>\n\t\t\t\n\t\t\t\t\t\t<a\t\t\t\tclass=\"sow-icon-container sow-container-none\"\n\t\t\t\tstyle=\"color: #404040; \"\n\t\t\t\t\n\t\t\t\t\t\t\t\t\thref=\"https:\/\/kompetenzexpert.de\/?page_id=2111\"\n\t\t\t\t\t\t\t\t>\n\t\t\t\t<span class=\"sow-icon-elegantline\" data-sow-icon=\"&#xe032;\"\n\t\tstyle=\"font-size: 64px; color: #494949\" \n\t\taria-hidden=\"true\"><\/span>\t\t\t<\/a>\n\n\t\t\t<div class=\"textwidget\">\n\t\t\t\t\n\t\t\t\t\t\t\t\t\t<h5 class=\"sow-features-feature-title\">\n\t\t\t\t\t\tDefinieren\t\t\t\t\t<\/h5>\n\t\t\t\t\n\t\t\t\t\t\t\t<\/div>\n\t\t\t\t\t\t\t\t<\/li>\n\n\t<\/ul>\n<\/div><\/div><\/div><div id=\"pgc-2096-2-2\"  class=\"panel-grid-cell\" ><div id=\"panel-2096-2-2-0\" class=\"so-panel widget widget_sow-features panel-first-child panel-last-child\" data-index=\"4\" ><div\n\t\t\t\n\t\t\tclass=\"so-widget-sow-features so-widget-sow-features-default-c8ac196933e8-2096\"\n\t\t\t\n\t\t><ul\n\tclass=\"sow-features-list\n\tsow-features-responsive\">\n\n\t\t\t<li\n\t\t\tclass=\"sow-features-feature sow-icon-container-position-top\"\n\t\t\tstyle=\"display: flex; flex-direction: column; width: calc(100% - 25px);\"\n\t\t>\n\t\t\t\n\t\t\t\t\t\t<a\t\t\t\tclass=\"sow-icon-container sow-container-none\"\n\t\t\t\tstyle=\"color: #404040; \"\n\t\t\t\t\n\t\t\t\t\t\t\t\t\thref=\"https:\/\/kompetenzexpert.de\/?page_id=2129\"\n\t\t\t\t\t\t\t\t>\n\t\t\t\t<span class=\"sow-icon-elegantline\" data-sow-icon=\"&#xe02a;\"\n\t\tstyle=\"font-size: 64px; color: #494949\" \n\t\taria-hidden=\"true\"><\/span>\t\t\t<\/a>\n\n\t\t\t<div class=\"textwidget\">\n\t\t\t\t\n\t\t\t\t\t\t\t\t\t<h5 class=\"sow-features-feature-title\">\n\t\t\t\t\t\tMatching\t\t\t\t\t<\/h5>\n\t\t\t\t\n\t\t\t\t\t\t\t<\/div>\n\t\t\t\t\t\t\t\t<\/li>\n\n\t<\/ul>\n<\/div><\/div><\/div><\/div><\/div>","protected":false},"excerpt":{"rendered":"<p>Vielen Dank f\u00fcr Ihr Interesse an KompetenExpert. Sie k\u00f6nnen sich f\u00fcr die kostenlose Teilnahme am Webinar &#8222;Was ist informelles Lernen&#8220; bewerben. Zusammen mit der Goethe-Universit\u00e4t Frankfurt wollen wir erforschen, wie die \u00dcbertragung etwa von Elternkompetenzen an den Arbeitsplatz bestm\u00f6glich gelingen kann. Sie laden wir herzlich ein an unserer Studie &#8222;Informelles Lernen f\u00fcr die Arbeit nutzen!&#8220; [&hellip;]<\/p>\n","protected":false},"author":1,"featured_media":0,"parent":0,"menu_order":0,"comment_status":"closed","ping_status":"closed","template":"","meta":{"footnotes":""},"class_list":["post-2096","page","type-page","status-publish","hentry","entry"],"_links":{"self":[{"href":"https:\/\/kompetenzexpert.de\/index.php?rest_route=\/wp\/v2\/pages\/2096","targetHints":{"allow":["GET"]}}],"collection":[{"href":"https:\/\/kompetenzexpert.de\/index.php?rest_route=\/wp\/v2\/pages"}],"about":[{"href":"https:\/\/kompetenzexpert.de\/index.php?rest_route=\/wp\/v2\/types\/page"}],"author":[{"embeddable":true,"href":"https:\/\/kompetenzexpert.de\/index.php?rest_route=\/wp\/v2\/users\/1"}],"replies":[{"embeddable":true,"href":"https:\/\/kompetenzexpert.de\/index.php?rest_route=%2Fwp%2Fv2%2Fcomments&post=2096"}],"version-history":[{"count":14,"href":"https:\/\/kompetenzexpert.de\/index.php?rest_route=\/wp\/v2\/pages\/2096\/revisions"}],"predecessor-version":[{"id":5480,"href":"https:\/\/kompetenzexpert.de\/index.php?rest_route=\/wp\/v2\/pages\/2096\/revisions\/5480"}],"wp:attachment":[{"href":"https:\/\/kompetenzexpert.de\/index.php?rest_route=%2Fwp%2Fv2%2Fmedia&parent=2096"}],"curies":[{"name":"wp","href":"https:\/\/api.w.org\/{rel}","templated":true}]}}